{"id":7483,"date":"2025-02-17T18:33:33","date_gmt":"2025-02-17T17:33:33","guid":{"rendered":"https:\/\/www.ifmarinvast.se\/orientering\/?page_id=7483"},"modified":"2025-02-17T20:54:05","modified_gmt":"2025-02-17T19:54:05","slug":"7483-2","status":"publish","type":"page","link":"https:\/\/www.ifmarinvast.se\/orientering\/7483-2\/","title":{"rendered":"Orientering \u2013 nyb\u00f6rjarkurs f\u00f6r barn 29 &#8211; 30 mars 2025"},"content":{"rendered":"\n<p><strong>Nyb\u00f6rjarkurs f\u00f6r barn<\/strong><\/p>\n\n\n\n<p>Det h\u00e4r \u00e4r kursen f\u00f6r dig som gillar att r\u00f6ra p\u00e5 dig och vill l\u00e4ra dig att orientera. Du kommer att l\u00e4ra dig att anv\u00e4nda karta och grundl\u00e4ggande tekniker f\u00f6r att hitta r\u00e4tt i skogen. Efter kursen f\u00e5r du g\u00e4rna forts\u00e4tta orientera med klubben. Och vi kommer ha en massa kul tillsammans!<\/p>\n\n\n\n<p>Ps: Tipsa dina f\u00f6r\u00e4ldrar om att de f\u00e5r 200 kr rabatt p\u00e5 <a href=\"https:\/\/www.ifmarinvast.se\/orientering\/intensivkurs-for-vuxna-nyborjare-28-30-mars-2025\/\">Intensivkurs f\u00f6r vuxna nyb\u00f6rjare 28 \u2013 30 mars 2025<\/a> som g\u00e5r samtidigt!<\/p>\n\n\n\n<p><em>Fr\u00e5n 9 \u00e5r.<\/em>&nbsp;<em>Inga f\u00f6rkunskaper beh\u00f6vs.<\/em><\/p>\n\n\n\n<figure class=\"wp-block-image size-full\"><a href=\"https:\/\/www.ifmarinvast.se\/orientering\/wp-content\/uploads\/2025\/02\/image.jpeg\"><img loading=\"lazy\" decoding=\"async\" width=\"907\" height=\"598\" src=\"https:\/\/www.ifmarinvast.se\/orientering\/wp-content\/uploads\/2025\/02\/image.jpeg\" alt=\"\" class=\"wp-image-7488\" srcset=\"https:\/\/www.ifmarinvast.se\/orientering\/wp-content\/uploads\/2025\/02\/image.jpeg 907w, https:\/\/www.ifmarinvast.se\/orientering\/wp-content\/uploads\/2025\/02\/image-300x198.jpeg 300w, https:\/\/www.ifmarinvast.se\/orientering\/wp-content\/uploads\/2025\/02\/image-768x506.jpeg 768w\" sizes=\"auto, (max-width: 907px) 100vw, 907px\" \/><\/a><\/figure>\n\n\n\n<p><a href=\"https:\/\/www.ifmarinvast.se\/orientering\/wp-content\/uploads\/2024\/02\/IMG_1417-2-1-scaled.jpg\"><\/a><\/p>\n\n\n\n<p><strong>Kursinneh\u00e5ll<\/strong><\/p>\n\n\n\n<ul class=\"wp-block-list\">\n<li>Kartkunskap, anv\u00e4nda karta och kompass, grundl\u00e4ggande orienteringsteknik.<\/li>\n\n\n\n<li>Mycket praktisk \u00f6vning i sm\u00e5 grupper under ledning av klubbens ungdomsledare.<\/li>\n<\/ul>\n\n\n\n<p>I kursavgiften ing\u00e5r<\/p>\n\n\n\n<ul class=\"wp-block-list\">\n<li>Kursmaterial<\/li>\n\n\n\n<li>L\u00e5n av utrustning<\/li>\n\n\n\n<li>Luncher och fika<\/li>\n\n\n\n<li>Medlemskap i IF Marin V\u00e4st under 2025 med fritt deltagande i klubbens tr\u00e4ningar och distriktets t\u00e4vlingar under \u00e5ret.<\/li>\n<\/ul>\n\n\n\n<p><strong>Tid<\/strong><br>L\u00f6rdag 29 mars 09 \u2013 16<br>S\u00f6ndag 30 mars 09 \u2013 15<\/p>\n\n\n\n<p><strong>Plats<\/strong><\/p>\n\n\n\n<p><a href=\"https:\/\/maps.app.goo.gl\/4jY6aS1CsdjiWEsx6\" target=\"_blank\" rel=\"noreferrer noopener\">IF Marin V\u00e4sts klubbstuga<\/a>, Ruddalens Idrottscentrum<\/p>\n\n\n\n<p><strong>Anm\u00e4lan<\/strong><\/p>\n\n\n\n<p>E-post&nbsp;<a href=\"mailto:intensivkurs@ifmarinvast.se\" target=\"_blank\" rel=\"noreferrer noopener\">intensivkurs@ifmarinvast.se<\/a>&nbsp;\u2013 anm\u00e4lningsbekr\u00e4ftelse inom n\u00e5gra dagar.&nbsp;Max 12 deltagare. F\u00f6rst till kvarn. Sista anm\u00e4lningsdag 17 mars.<\/p>\n\n\n\n<p>Vid anm\u00e4lan, ange:<\/p>\n\n\n\n<ul class=\"wp-block-list\">\n<li>Namn.<\/li>\n\n\n\n<li>\u00c5lder.<\/li>\n\n\n\n<li>Hur van du \u00e4r vid orientering, t ex om du provat f\u00f6rut eller kan karttecknen.<\/li>\n\n\n\n<li>Om n\u00e5gon av dina f\u00f6r\u00e4ldrar deltar i vuxenkursen som g\u00e5r samtidigt, s\u00e5 att de f\u00e5r rabatt p\u00e5 sin kursavgift.<\/li>\n\n\n\n<li>G\u00e4rna hur ni hittade kursen (tips fr\u00e5n v\u00e4n, affisch, sociala medier, etc.).<\/li>\n<\/ul>\n\n\n\n<p><strong>Avgift<\/strong><\/p>\n\n\n\n<p>300 kr senast m\u00e5ndag 24 mars. Vid avanm\u00e4lan senare \u00e4n 24 mars ingen \u00e5terbetalning. Bankgiro 537-7866 IF Marin V\u00e4st.<\/p>\n\n\n\n<p>Medlemmar i IF Marin V\u00e4st deltar utan kostnad.<\/p>\n\n\n\n<p><strong>Kursledare<\/strong><\/p>\n\n\n\n<p>H\u00e4r g\u00e4rna av dig om du har fr\u00e5gor inf\u00f6r anm\u00e4lan.<\/p>\n\n\n\n<p>Erik Andr\u00e9, 0706 700&nbsp;281,&nbsp;<a href=\"mailto:andre.erik@gmail.com\" target=\"_blank\" rel=\"noreferrer noopener\">andre.erik@gmail.com<\/a><\/p>\n\n\n\n<p>Anders K\u00e4llsvik<\/p>\n\n\n\n<p>Petter Gustavsson<\/p>\n\n\n\n<p><strong>V\u00e4lkommen!<\/strong><\/p>\n","protected":false},"excerpt":{"rendered":"<p>Nyb\u00f6rjarkurs f\u00f6r barn Det h\u00e4r \u00e4r kursen f\u00f6r dig som gillar att r\u00f6ra p\u00e5 dig och vill l\u00e4ra dig att orientera. Du kommer att l\u00e4ra dig att anv\u00e4nda karta och [&hellip;]<\/p>\n","protected":false},"author":4,"featured_media":0,"parent":0,"menu_order":0,"comment_status":"closed","ping_status":"closed","template":"","meta":{"footnotes":""},"class_list":["post-7483","page","type-page","status-publish","hentry"],"_links":{"self":[{"href":"https:\/\/www.ifmarinvast.se\/orientering\/wp-json\/wp\/v2\/pages\/7483","targetHints":{"allow":["GET"]}}],"collection":[{"href":"https:\/\/www.ifmarinvast.se\/orientering\/wp-json\/wp\/v2\/pages"}],"about":[{"href":"https:\/\/www.ifmarinvast.se\/orientering\/wp-json\/wp\/v2\/types\/page"}],"author":[{"embeddable":true,"href":"https:\/\/www.ifmarinvast.se\/orientering\/wp-json\/wp\/v2\/users\/4"}],"replies":[{"embeddable":true,"href":"https:\/\/www.ifmarinvast.se\/orientering\/wp-json\/wp\/v2\/comments?post=7483"}],"version-history":[{"count":9,"href":"https:\/\/www.ifmarinvast.se\/orientering\/wp-json\/wp\/v2\/pages\/7483\/revisions"}],"predecessor-version":[{"id":7503,"href":"https:\/\/www.ifmarinvast.se\/orientering\/wp-json\/wp\/v2\/pages\/7483\/revisions\/7503"}],"wp:attachment":[{"href":"https:\/\/www.ifmarinvast.se\/orientering\/wp-json\/wp\/v2\/media?parent=7483"}],"curies":[{"name":"wp","href":"https:\/\/api.w.org\/{rel}","templated":true}]}}