{"id":7332,"date":"2024-08-22T16:36:42","date_gmt":"2024-08-22T14:36:42","guid":{"rendered":"https:\/\/www.ifmarinvast.se\/orientering\/?page_id=7332"},"modified":"2024-08-22T18:10:52","modified_gmt":"2024-08-22T16:10:52","slug":"kallelse-och-dagordning-till-extra-mote-for-if-marin-vast-2024-09-02","status":"publish","type":"page","link":"https:\/\/www.ifmarinvast.se\/orientering\/kallelse-och-dagordning-till-extra-mote-for-if-marin-vast-2024-09-02\/","title":{"rendered":"Kallelse och dagordning till extra m\u00f6te f\u00f6r IF Marin V\u00e4st 2024-09-02"},"content":{"rendered":"\n<p><strong>V\u00e4lkommen till&nbsp;extra m\u00f6te&nbsp;f\u00f6r IF Marin V\u00e4st 2 september 2024 klockan 18.30 i SG Ruddalens klubbstuga i Ruddalen. Adress: Musikv\u00e4gen 61&nbsp;<\/strong><a href=\"https:\/\/goo.gl\/maps\/YHMHkMSKQywQSZwk7\"><strong>Karta&gt;&gt;<\/strong><\/a><\/p>\n\n\n\n<p><strong>Dagordning<\/strong><\/p>\n\n\n\n<p>\u00a7 1 M\u00f6tets \u00f6ppnande<\/p>\n\n\n\n<p>\u00a7 2 Fastst\u00e4llande av dagordning<\/p>\n\n\n\n<p>\u00a7 3 Val av ordf\u00f6rande f\u00f6r m\u00f6tet<\/p>\n\n\n\n<p>\u00a7 4 Val av protokollf\u00f6rare samt tv\u00e5 justeringsm\u00e4n tillika r\u00f6str\u00e4knare<\/p>\n\n\n\n<p>\u00a7 5 Fr\u00e5ga om m\u00f6tet utlysts p\u00e5 r\u00e4tt s\u00e4tt<\/p>\n\n\n\n<p>\u00a7 6 Fastst\u00e4llande av r\u00f6stl\u00e4ngd<\/p>\n\n\n\n<p>\u00a7 7 K\u00f6p av klubbstuga i Ruddalen<\/p>\n\n\n\n<p>\u00a7 8 M\u00f6tets avslutande<\/p>\n\n\n\n<p><\/p>\n\n\n\n<p> <\/p>\n\n\n\n<p> <\/p>\n\n\n\n<p><strong>Anm\u00e4lan<\/strong><br>Klubben bjuder p\u00e5 sm\u00f6rg\u00e5s och kaka. D\u00e4rf\u00f6r vill vi att man anm\u00e4ler sitt deltagande. Anm\u00e4l deltagande till&nbsp;<a href=\"mailto:styrelsen@ifmarinvast.se\" target=\"_blank\" rel=\"noreferrer noopener\">styrelsen@ifmarinvast.se<\/a> senast den 30 augusti.<\/p>\n","protected":false},"excerpt":{"rendered":"<p>V\u00e4lkommen till&nbsp;extra m\u00f6te&nbsp;f\u00f6r IF Marin V\u00e4st 2 september 2024 klockan 18.30 i SG Ruddalens klubbstuga i Ruddalen. Adress: Musikv\u00e4gen 61&nbsp;Karta&gt;&gt; Dagordning \u00a7 1 M\u00f6tets \u00f6ppnande \u00a7 2 Fastst\u00e4llande av dagordning [&hellip;]<\/p>\n","protected":false},"author":4,"featured_media":0,"parent":0,"menu_order":0,"comment_status":"closed","ping_status":"closed","template":"","meta":{"footnotes":""},"class_list":["post-7332","page","type-page","status-publish","hentry"],"_links":{"self":[{"href":"https:\/\/www.ifmarinvast.se\/orientering\/wp-json\/wp\/v2\/pages\/7332","targetHints":{"allow":["GET"]}}],"collection":[{"href":"https:\/\/www.ifmarinvast.se\/orientering\/wp-json\/wp\/v2\/pages"}],"about":[{"href":"https:\/\/www.ifmarinvast.se\/orientering\/wp-json\/wp\/v2\/types\/page"}],"author":[{"embeddable":true,"href":"https:\/\/www.ifmarinvast.se\/orientering\/wp-json\/wp\/v2\/users\/4"}],"replies":[{"embeddable":true,"href":"https:\/\/www.ifmarinvast.se\/orientering\/wp-json\/wp\/v2\/comments?post=7332"}],"version-history":[{"count":7,"href":"https:\/\/www.ifmarinvast.se\/orientering\/wp-json\/wp\/v2\/pages\/7332\/revisions"}],"predecessor-version":[{"id":7353,"href":"https:\/\/www.ifmarinvast.se\/orientering\/wp-json\/wp\/v2\/pages\/7332\/revisions\/7353"}],"wp:attachment":[{"href":"https:\/\/www.ifmarinvast.se\/orientering\/wp-json\/wp\/v2\/media?parent=7332"}],"curies":[{"name":"wp","href":"https:\/\/api.w.org\/{rel}","templated":true}]}}