{"id":6748,"date":"2023-03-05T10:36:51","date_gmt":"2023-03-05T09:36:51","guid":{"rendered":"http:\/\/www.ifmarinvast.se\/orientering\/?page_id=6748"},"modified":"2023-03-07T08:35:40","modified_gmt":"2023-03-07T07:35:40","slug":"kallelse-och-dagordning-till-arsmote-for-if-marin-vast-2023","status":"publish","type":"page","link":"https:\/\/www.ifmarinvast.se\/orientering\/kallelse-och-dagordning-till-arsmote-for-if-marin-vast-2023\/","title":{"rendered":"Kallelse och dagordning till \u00e5rsm\u00f6te f\u00f6r IF Marin V\u00e4st 2023"},"content":{"rendered":"\n<p><strong>V\u00e4lkommen till&nbsp;\u00e5rsm\u00f6te&nbsp;f\u00f6r IF Marin V\u00e4st 29 mars 2023 kl 18.00 i SG 97s klubbstuga i Ruddalen. Adress: Musikv\u00e4gen 61 <a href=\"https:\/\/goo.gl\/maps\/YHMHkMSKQywQSZwk7\">Karta&gt;&gt;<\/a><\/strong><\/p>\n\n\n\n<p><strong>Anm\u00e4lan<br><\/strong>Klubben bjuder alla medlemmar p\u00e5 r\u00e4kmacka\/ostmacka. Anm\u00e4l till <a href=\"mailto:styrelsen@ifmarinvast.se\">styrelsen@ifmarinvast.se<\/a>\u00a0 senast 22 mars om du kommer och om du vill ha r\u00e4ckmacka\/ostmacka eller inte.<\/p>\n\n\n\n<p><strong>F\u00f6rslag<\/strong><br>F\u00f6rslag till \u00e5rsm\u00f6tet ska l\u00e4mnas in till styrelsen av r\u00f6stber\u00e4ttigad medlem senast 15 mars. F\u00f6rslagen skickas till&nbsp;<a href=\"mailto:styrelsen@ifmarinvast.se\">styrelsen@ifmarinvast.se<\/a>.<\/p>\n\n\n\n<p><strong>Handlingar<\/strong><br>Handlingar inf\u00f6r \u00e5rsm\u00f6tet kommer finnas tillg\u00e4ngliga f\u00f6r medlemmarna senast en vecka f\u00f6re \u00e5rsm\u00f6tet. En l\u00e4nk till handlingarna kommer att e-postas till alla medlemmar senast en vecka innan \u00e5rsm\u00f6tet. Det g\u00e5r \u00e4ven att mejla till&nbsp;<a href=\"mailto:styrelsen@ifmarinvast.se\">styrelsen@ifmarinvast.se<\/a>&nbsp;f\u00f6r att ta del av handlingarna.<\/p>\n\n\n\n<p><strong>Dagordning<\/strong><\/p>\n\n\n\n<p>\u00a7 1 M\u00f6tets \u00f6ppnande<\/p>\n\n\n\n<p>\u00a7 2 Fastst\u00e4llande av dagordning<\/p>\n\n\n\n<p>\u00a7 3 Val av ordf\u00f6rande f\u00f6r \u00e5rsm\u00f6te<\/p>\n\n\n\n<p>\u00a7 4 Val av protokollf\u00f6rare samt tv\u00e5 justeringsm\u00e4n<\/p>\n\n\n\n<p>\u00a7 5 Fr\u00e5ga om \u00e5rsm\u00f6tet utlysts p\u00e5 r\u00e4tt s\u00e4tt<\/p>\n\n\n\n<p>\u00a7 6 Fastst\u00e4llande av r\u00f6stl\u00e4ngd<\/p>\n\n\n\n<p>\u00a7 7 Verksamhetsber\u00e4ttelse f\u00f6r 2022<\/p>\n\n\n\n<p>\u00a7 8 Resultat och balansr\u00e4kning f\u00f6r 2022<\/p>\n\n\n\n<p>\u00a7 9 Revisorernas ber\u00e4ttelse \u00f6ver styrelsens f\u00f6rvaltning f\u00f6r \u00e5r 2022<\/p>\n\n\n\n<p>\u00a7 10 Fr\u00e5ga om ansvarsfrihet f\u00f6r styrelsen<\/p>\n\n\n\n<p>\u00a7 11 Fastst\u00e4llande av verksamhetsplan 2023<\/p>\n\n\n\n<p>\u00a7 12 Fastst\u00e4llande av budget och avgifter f\u00f6r nuvarande verksamhets\u00e5r.<\/p>\n\n\n\n<p>\u00a7 13 Val av styrelse, ledam\u00f6ter, suppleanter, revisorer och valberedning.<\/p>\n\n\n\n<p>\u00a7 14 Best\u00e4mma firmatecknare<\/p>\n\n\n\n<p>\u00a7 15 \u00c4rende som styrelsen eller medlem f\u00f6reslagit till \u00e5rsm\u00f6tet.<\/p>\n\n\n\n<p>\u00a7 16 \u00d6vriga fr\u00e5gor<\/p>\n\n\n\n<p>\u00a7 17 M\u00f6tets avslutande<\/p>\n\n\n\n<p>\u00a7 18 Prisutdelning Vandringspris och Gustav Lundbergs fond.<\/p>\n","protected":false},"excerpt":{"rendered":"<p>V\u00e4lkommen till&nbsp;\u00e5rsm\u00f6te&nbsp;f\u00f6r IF Marin V\u00e4st 29 mars 2023 kl 18.00 i SG 97s klubbstuga i Ruddalen. Adress: Musikv\u00e4gen 61 Karta&gt;&gt; Anm\u00e4lanKlubben bjuder alla medlemmar p\u00e5 r\u00e4kmacka\/ostmacka. Anm\u00e4l till styrelsen@ifmarinvast.se\u00a0 senast [&hellip;]<\/p>\n","protected":false},"author":4,"featured_media":0,"parent":0,"menu_order":0,"comment_status":"closed","ping_status":"closed","template":"","meta":{"footnotes":""},"class_list":["post-6748","page","type-page","status-publish","hentry"],"_links":{"self":[{"href":"https:\/\/www.ifmarinvast.se\/orientering\/wp-json\/wp\/v2\/pages\/6748","targetHints":{"allow":["GET"]}}],"collection":[{"href":"https:\/\/www.ifmarinvast.se\/orientering\/wp-json\/wp\/v2\/pages"}],"about":[{"href":"https:\/\/www.ifmarinvast.se\/orientering\/wp-json\/wp\/v2\/types\/page"}],"author":[{"embeddable":true,"href":"https:\/\/www.ifmarinvast.se\/orientering\/wp-json\/wp\/v2\/users\/4"}],"replies":[{"embeddable":true,"href":"https:\/\/www.ifmarinvast.se\/orientering\/wp-json\/wp\/v2\/comments?post=6748"}],"version-history":[{"count":4,"href":"https:\/\/www.ifmarinvast.se\/orientering\/wp-json\/wp\/v2\/pages\/6748\/revisions"}],"predecessor-version":[{"id":6754,"href":"https:\/\/www.ifmarinvast.se\/orientering\/wp-json\/wp\/v2\/pages\/6748\/revisions\/6754"}],"wp:attachment":[{"href":"https:\/\/www.ifmarinvast.se\/orientering\/wp-json\/wp\/v2\/media?parent=6748"}],"curies":[{"name":"wp","href":"https:\/\/api.w.org\/{rel}","templated":true}]}}