{"id":5939,"date":"2021-02-27T15:14:02","date_gmt":"2021-02-27T14:14:02","guid":{"rendered":"http:\/\/www.ifmarinvast.se\/orientering\/?page_id=5939"},"modified":"2021-03-13T16:07:48","modified_gmt":"2021-03-13T15:07:48","slug":"kallelse-och-dagordning-till-arsmote-for-if-marin-vast-2021","status":"publish","type":"page","link":"https:\/\/www.ifmarinvast.se\/orientering\/kallelse-och-dagordning-till-arsmote-for-if-marin-vast-2021\/","title":{"rendered":"Kallelse och dagordning till \u00e5rsm\u00f6te f\u00f6r IF Marin V\u00e4st 2021"},"content":{"rendered":"\n<p>V\u00e4lkommen till \u00e5rsm\u00f6te f\u00f6r IF Marin V\u00e4st s\u00f6ndag 21 mars 2021 klockan 12.30.&nbsp;<\/p>\n\n\n\n<p><strong>M\u00f6tet h\u00e5lls digitalt. L\u00e4nk till m\u00f6tet kommer skickas till alla medlemmar senast 1 vecka innan m\u00f6tet. M\u00f6tesl\u00e4nk kan \u00e4ven f\u00e5s genom att kontakta\u00a0<a href=\"mailto:styrelsen@ifmarinvast.se\">styrelsen@ifmarinvast.se<\/a>.<\/strong><\/p>\n\n\n\n<p><strong>F\u00f6rslag<\/strong><br>F\u00f6rslag till \u00e5rsm\u00f6tet ska l\u00e4mnas in till styrelsen av r\u00f6stber\u00e4ttigad medlem senast 6 mars. F\u00f6rslagen skickas till <a href=\"mailto:styrelsen@ifmarinvast.se\">styrelsen@ifmarinvast.se<\/a>.<\/p>\n\n\n\n<p><strong>Handlingar<\/strong><br>Handlingar inf\u00f6r \u00e5rsm\u00f6tet kommer finnas tillg\u00e4ngliga f\u00f6r medlemmarna senast en vecka f\u00f6re \u00e5rsm\u00f6tet. En l\u00e4nk till handlingarna kommer att e-postas till alla medlemmar senast en vecka innan \u00e5rsm\u00f6tet. Det g\u00e5r \u00e4ven att mejla till <a href=\"mailto:styrelsen@ifmarinvast.se\">styrelsen@ifmarinvast.se<\/a> f\u00f6r att ta del av handlingarna.<\/p>\n\n\n\n<p><\/p>\n\n\n\n<p><strong>Dagordning<\/strong><\/p>\n\n\n\n<p>\u00a7 1 M\u00f6tets \u00f6ppnande<\/p>\n\n\n\n<p>\u00a7 2 Fastst\u00e4llande av dagordning<\/p>\n\n\n\n<p>\u00a7 3 Val av ordf\u00f6rande f\u00f6r \u00e5rsm\u00f6te<\/p>\n\n\n\n<p>\u00a7 4 Val av protokollf\u00f6rare samt tv\u00e5 justeringsm\u00e4n<\/p>\n\n\n\n<p>\u00a7 5 Fr\u00e5ga om \u00e5rsm\u00f6tet utlysts p\u00e5 r\u00e4tt s\u00e4tt<\/p>\n\n\n\n<p>\u00a7 6 Fastst\u00e4llande av r\u00f6stl\u00e4ngd<\/p>\n\n\n\n<p>\u00a7 7 Verksamhetsber\u00e4ttelse f\u00f6r 2020<\/p>\n\n\n\n<p>\u00a7 8 Resultat och balansr\u00e4kning f\u00f6r 2020<\/p>\n\n\n\n<p>\u00a7 9 Revisorernas ber\u00e4ttelse \u00f6ver styrelsens f\u00f6rvaltning f\u00f6r \u00e5r 2020<\/p>\n\n\n\n<p>\u00a7 10 Fr\u00e5ga om ansvarsfrihet f\u00f6r styrelsen<\/p>\n\n\n\n<p>\u00a7 11 Fastst\u00e4llande av verksamhetsplan 2021<\/p>\n\n\n\n<p>\u00a7 12 Fastst\u00e4llande av budget och avgifter f\u00f6r nuvarande verksamhets\u00e5r.<\/p>\n\n\n\n<p>\u00a7 13 Val av styrelse, ledam\u00f6ter, suppleanter, revisorer och valberedning.<\/p>\n\n\n\n<p>\u00a7 14 Best\u00e4mma firmatecknare<\/p>\n\n\n\n<p>\u00a7 15 \u00c4rende som styrelsen eller medlem f\u00f6reslagit till \u00e5rsm\u00f6tet.<\/p>\n\n\n\n<p>\u00a7 16 \u00d6vriga fr\u00e5gor<\/p>\n\n\n\n<p>\u00a7 17 M\u00f6tets avslutande<\/p>\n\n\n\n<p>\u00a7 18 Prisutdelning Vandringspris och Gustav Lundbergs fond.<\/p>\n","protected":false},"excerpt":{"rendered":"<p>V\u00e4lkommen till \u00e5rsm\u00f6te f\u00f6r IF Marin V\u00e4st s\u00f6ndag 21 mars 2021 klockan 12.30.&nbsp; M\u00f6tet h\u00e5lls digitalt. L\u00e4nk till m\u00f6tet kommer skickas till alla medlemmar senast 1 vecka innan m\u00f6tet. M\u00f6tesl\u00e4nk [&hellip;]<\/p>\n","protected":false},"author":4,"featured_media":0,"parent":0,"menu_order":0,"comment_status":"closed","ping_status":"closed","template":"","meta":{"footnotes":""},"class_list":["post-5939","page","type-page","status-publish","hentry"],"_links":{"self":[{"href":"https:\/\/www.ifmarinvast.se\/orientering\/wp-json\/wp\/v2\/pages\/5939","targetHints":{"allow":["GET"]}}],"collection":[{"href":"https:\/\/www.ifmarinvast.se\/orientering\/wp-json\/wp\/v2\/pages"}],"about":[{"href":"https:\/\/www.ifmarinvast.se\/orientering\/wp-json\/wp\/v2\/types\/page"}],"author":[{"embeddable":true,"href":"https:\/\/www.ifmarinvast.se\/orientering\/wp-json\/wp\/v2\/users\/4"}],"replies":[{"embeddable":true,"href":"https:\/\/www.ifmarinvast.se\/orientering\/wp-json\/wp\/v2\/comments?post=5939"}],"version-history":[{"count":5,"href":"https:\/\/www.ifmarinvast.se\/orientering\/wp-json\/wp\/v2\/pages\/5939\/revisions"}],"predecessor-version":[{"id":5970,"href":"https:\/\/www.ifmarinvast.se\/orientering\/wp-json\/wp\/v2\/pages\/5939\/revisions\/5970"}],"wp:attachment":[{"href":"https:\/\/www.ifmarinvast.se\/orientering\/wp-json\/wp\/v2\/media?parent=5939"}],"curies":[{"name":"wp","href":"https:\/\/api.w.org\/{rel}","templated":true}]}}