{"id":5195,"date":"2019-01-29T17:04:44","date_gmt":"2019-01-29T16:04:44","guid":{"rendered":"http:\/\/www.ifmarinvast.se\/orientering\/?page_id=5195"},"modified":"2019-01-29T17:04:54","modified_gmt":"2019-01-29T16:04:54","slug":"vandringspriset-2018","status":"publish","type":"page","link":"https:\/\/www.ifmarinvast.se\/orientering\/foreningen\/vandringspriset\/vandringspriset-2018\/","title":{"rendered":"Vandringspriset 2018"},"content":{"rendered":"<style>\n\t\t<!-- BODY,DIV,TABLE,THEAD,TBODY,TFOOT,TR,TH,TD,P { font-family:\"Arial\"; font-size:x-small } --><br \/>\n\t<\/style>\n<table  class=\" table table-hover\" border=\"0\" frame=\"VOID\" rules=\"NONE\" cellspacing=\"0\">\n<colgroup>\n<col width=\"140\" \/>\n<col width=\"86\" \/>\n<col width=\"86\" \/>\n<col width=\"86\" \/><\/colgroup>\n<tbody>\n<tr>\n<td align=\"LEFT\" width=\"140\" height=\"17\">\n<h3>Ungdom<\/h3>\n<\/td>\n<td align=\"LEFT\" width=\"86\"><\/td>\n<td align=\"LEFT\" width=\"86\"><\/td>\n<td align=\"LEFT\" width=\"86\"><\/td>\n<\/tr>\n<tr>\n<td align=\"LEFT\" height=\"17\">\n<h4><strong>F\u00f6rnamn<\/strong><\/h4>\n<\/td>\n<td align=\"LEFT\">\n<h4><strong>Efternamn<\/strong><\/h4>\n<\/td>\n<td style=\"text-align: right;\" align=\"LEFT\">\n<h4><strong>Po\u00e4ng<\/strong><\/h4>\n<\/td>\n<td style=\"text-align: right;\" align=\"LEFT\">\n<h4><strong>Antal t\u00e4vlingar<\/strong><\/h4>\n<\/td>\n<\/tr>\n<tr>\n<td align=\"LEFT\" height=\"17\">Hannes<\/td>\n<td align=\"LEFT\">Rosendahl<\/td>\n<td align=\"RIGHT\">579<\/td>\n<td align=\"RIGHT\">13<\/td>\n<\/tr>\n<tr>\n<td align=\"LEFT\" height=\"17\">Arild<\/td>\n<td align=\"LEFT\">Norberg<\/td>\n<td align=\"RIGHT\">325<\/td>\n<td align=\"RIGHT\">6<\/td>\n<\/tr>\n<tr>\n<td align=\"LEFT\" height=\"17\">Leon<\/td>\n<td align=\"LEFT\">Armbrecht<\/td>\n<td align=\"RIGHT\">282<\/td>\n<td align=\"RIGHT\">4<\/td>\n<\/tr>\n<tr>\n<td align=\"LEFT\" height=\"17\">Arvid<\/td>\n<td align=\"LEFT\">Ekberg<\/td>\n<td align=\"RIGHT\">277<\/td>\n<td align=\"RIGHT\">5<\/td>\n<\/tr>\n<tr>\n<td align=\"LEFT\" height=\"17\">Albin<\/td>\n<td align=\"LEFT\">Ekberg<\/td>\n<td align=\"RIGHT\">148<\/td>\n<td align=\"RIGHT\">3<\/td>\n<\/tr>\n<tr>\n<td align=\"LEFT\" height=\"17\">Albert<\/td>\n<td align=\"LEFT\">Norberg<\/td>\n<td align=\"RIGHT\">134<\/td>\n<td align=\"RIGHT\">7<\/td>\n<\/tr>\n<tr>\n<td align=\"LEFT\" height=\"17\">Lycka<\/td>\n<td align=\"LEFT\">Drakengren<\/td>\n<td align=\"RIGHT\">133<\/td>\n<td align=\"RIGHT\">3<\/td>\n<\/tr>\n<tr>\n<td align=\"LEFT\" height=\"17\">Sebastian<\/td>\n<td align=\"LEFT\">Seld\u00e9n<\/td>\n<td align=\"RIGHT\">46<\/td>\n<td align=\"RIGHT\">1<\/td>\n<\/tr>\n<tr>\n<td align=\"LEFT\" height=\"17\">Juni<\/td>\n<td align=\"LEFT\">Drakengren<\/td>\n<td align=\"RIGHT\">26<\/td>\n<td align=\"RIGHT\">3<\/td>\n<\/tr>\n<tr>\n<td align=\"LEFT\" height=\"17\">Erik<\/td>\n<td align=\"LEFT\">Lusch<\/td>\n<td align=\"RIGHT\">25<\/td>\n<td align=\"RIGHT\">1<\/td>\n<\/tr>\n<tr>\n<td align=\"LEFT\" height=\"17\">Hilmer<\/td>\n<td align=\"LEFT\">Andr\u00e9<\/td>\n<td align=\"RIGHT\">16<\/td>\n<td align=\"RIGHT\">4<\/td>\n<\/tr>\n<tr>\n<td align=\"LEFT\" height=\"17\">M\u00e5ns<\/td>\n<td align=\"LEFT\">Flyrin<\/td>\n<td align=\"RIGHT\">9<\/td>\n<td align=\"RIGHT\">1<\/td>\n<\/tr>\n<tr>\n<td align=\"LEFT\" height=\"17\">Melker<\/td>\n<td align=\"LEFT\">Andr\u00e9<\/td>\n<td align=\"RIGHT\">4<\/td>\n<td align=\"RIGHT\">4<\/td>\n<\/tr>\n<tr>\n<td align=\"LEFT\" height=\"17\"><\/td>\n<td align=\"LEFT\"><\/td>\n<td align=\"LEFT\"><\/td>\n<td align=\"LEFT\"><\/td>\n<\/tr>\n<tr>\n<td align=\"LEFT\" height=\"17\">\n<h3>Vuxna<\/h3>\n<\/td>\n<td align=\"LEFT\"><\/td>\n<td align=\"LEFT\"><\/td>\n<td align=\"LEFT\"><\/td>\n<\/tr>\n<tr>\n<td align=\"LEFT\" height=\"17\">\n<h4>F\u00f6rnamn<\/h4>\n<\/td>\n<td align=\"LEFT\">\n<h4>Efternamn<\/h4>\n<\/td>\n<td align=\"LEFT\">\n<h4 style=\"text-align: right;\"><strong>Po\u00e4ng<\/strong><\/h4>\n<\/td>\n<td align=\"LEFT\">\n<h4 style=\"text-align: right;\"><strong>Antal t\u00e4vlingar<\/strong><\/h4>\n<\/td>\n<\/tr>\n<tr>\n<td align=\"LEFT\" height=\"17\">Linda<\/td>\n<td align=\"LEFT\">Martinsson<\/td>\n<td align=\"RIGHT\">684<\/td>\n<td align=\"RIGHT\">17<\/td>\n<\/tr>\n<tr>\n<td align=\"LEFT\" height=\"17\">Gun<\/td>\n<td align=\"LEFT\">Rosendahl<\/td>\n<td align=\"RIGHT\">514<\/td>\n<td align=\"RIGHT\">13<\/td>\n<\/tr>\n<tr>\n<td align=\"LEFT\" height=\"17\">Lena<\/td>\n<td align=\"LEFT\">Koll\u00e9n<\/td>\n<td align=\"RIGHT\">394<\/td>\n<td align=\"RIGHT\">11<\/td>\n<\/tr>\n<tr>\n<td align=\"LEFT\" height=\"17\">G\u00f6sta<\/td>\n<td align=\"LEFT\">Malmer<\/td>\n<td align=\"RIGHT\">389<\/td>\n<td align=\"RIGHT\">13<\/td>\n<\/tr>\n<tr>\n<td align=\"LEFT\" height=\"17\">Erik<\/td>\n<td align=\"LEFT\">Andr\u00e9<\/td>\n<td align=\"RIGHT\">367<\/td>\n<td align=\"RIGHT\">5<\/td>\n<\/tr>\n<tr>\n<td align=\"LEFT\" height=\"17\">Anders<\/td>\n<td align=\"LEFT\">Jonsson<\/td>\n<td align=\"RIGHT\">305<\/td>\n<td align=\"RIGHT\">8<\/td>\n<\/tr>\n<tr>\n<td align=\"LEFT\" height=\"17\">Staffan<\/td>\n<td align=\"LEFT\">Broberg<\/td>\n<td align=\"RIGHT\">294<\/td>\n<td align=\"RIGHT\">5<\/td>\n<\/tr>\n<tr>\n<td align=\"LEFT\" height=\"17\">Karin<\/td>\n<td align=\"LEFT\">Elfman<\/td>\n<td align=\"RIGHT\">231<\/td>\n<td align=\"RIGHT\">9<\/td>\n<\/tr>\n<tr>\n<td align=\"LEFT\" height=\"17\">Marie<\/td>\n<td align=\"LEFT\">Hallberg<\/td>\n<td align=\"RIGHT\">117<\/td>\n<td align=\"RIGHT\">9<\/td>\n<\/tr>\n<tr>\n<td align=\"LEFT\" height=\"17\">Helena<\/td>\n<td align=\"LEFT\">Norberg<\/td>\n<td align=\"RIGHT\">113<\/td>\n<td align=\"RIGHT\">5<\/td>\n<\/tr>\n<tr>\n<td align=\"LEFT\" height=\"17\">Annika<\/td>\n<td align=\"LEFT\">Berglund<\/td>\n<td align=\"RIGHT\">95<\/td>\n<td align=\"RIGHT\">6<\/td>\n<\/tr>\n<tr>\n<td align=\"LEFT\" height=\"17\">Peter<\/td>\n<td align=\"LEFT\">Norberg<\/td>\n<td align=\"RIGHT\">82<\/td>\n<td align=\"RIGHT\">3<\/td>\n<\/tr>\n<tr>\n<td align=\"LEFT\" height=\"17\">Bengt<\/td>\n<td align=\"LEFT\">Alkdal<\/td>\n<td align=\"RIGHT\">18<\/td>\n<td align=\"RIGHT\">4<\/td>\n<\/tr>\n<tr>\n<td align=\"LEFT\" height=\"17\">Margareta<\/td>\n<td align=\"LEFT\">Petersson<\/td>\n<td align=\"RIGHT\">11<\/td>\n<td align=\"RIGHT\">3<\/td>\n<\/tr>\n<tr>\n<td align=\"LEFT\" height=\"17\">Birgitta<\/td>\n<td align=\"LEFT\">Broberg<\/td>\n<td align=\"RIGHT\">1<\/td>\n<td align=\"RIGHT\">1<\/td>\n<\/tr>\n<tr>\n<td align=\"LEFT\" height=\"17\">Christer<\/td>\n<td align=\"LEFT\">Andr\u00e9<\/td>\n<td align=\"RIGHT\">1<\/td>\n<td align=\"RIGHT\">1<\/td>\n<\/tr>\n<\/tbody>\n<\/table>\n","protected":false},"excerpt":{"rendered":"<p>Ungdom F\u00f6rnamn Efternamn Po\u00e4ng Antal t\u00e4vlingar Hannes Rosendahl 579 13 Arild Norberg 325 6 Leon Armbrecht 282 4 Arvid Ekberg 277 5 Albin Ekberg 148 3 Albert Norberg 134 7 [&hellip;]<\/p>\n","protected":false},"author":4,"featured_media":0,"parent":2744,"menu_order":0,"comment_status":"closed","ping_status":"closed","template":"","meta":{"footnotes":""},"class_list":["post-5195","page","type-page","status-publish","hentry"],"_links":{"self":[{"href":"https:\/\/www.ifmarinvast.se\/orientering\/wp-json\/wp\/v2\/pages\/5195","targetHints":{"allow":["GET"]}}],"collection":[{"href":"https:\/\/www.ifmarinvast.se\/orientering\/wp-json\/wp\/v2\/pages"}],"about":[{"href":"https:\/\/www.ifmarinvast.se\/orientering\/wp-json\/wp\/v2\/types\/page"}],"author":[{"embeddable":true,"href":"https:\/\/www.ifmarinvast.se\/orientering\/wp-json\/wp\/v2\/users\/4"}],"replies":[{"embeddable":true,"href":"https:\/\/www.ifmarinvast.se\/orientering\/wp-json\/wp\/v2\/comments?post=5195"}],"version-history":[{"count":5,"href":"https:\/\/www.ifmarinvast.se\/orientering\/wp-json\/wp\/v2\/pages\/5195\/revisions"}],"predecessor-version":[{"id":5200,"href":"https:\/\/www.ifmarinvast.se\/orientering\/wp-json\/wp\/v2\/pages\/5195\/revisions\/5200"}],"up":[{"embeddable":true,"href":"https:\/\/www.ifmarinvast.se\/orientering\/wp-json\/wp\/v2\/pages\/2744"}],"wp:attachment":[{"href":"https:\/\/www.ifmarinvast.se\/orientering\/wp-json\/wp\/v2\/media?parent=5195"}],"curies":[{"name":"wp","href":"https:\/\/api.w.org\/{rel}","templated":true}]}}