{"id":5192,"date":"2019-01-29T17:01:10","date_gmt":"2019-01-29T16:01:10","guid":{"rendered":"http:\/\/www.ifmarinvast.se\/orientering\/?page_id=5192"},"modified":"2019-01-29T17:05:26","modified_gmt":"2019-01-29T16:05:26","slug":"vandringspriset-2017","status":"publish","type":"page","link":"https:\/\/www.ifmarinvast.se\/orientering\/foreningen\/vandringspriset\/vandringspriset-2017\/","title":{"rendered":"Vandringspriset 2017"},"content":{"rendered":"<style>\n\t\t<!-- BODY,DIV,TABLE,THEAD,TBODY,TFOOT,TR,TH,TD,P { font-family:\"Arial\"; font-size:x-small } --><br \/>\n\t<\/style>\n<table  class=\" table table-hover\" border=\"0\" frame=\"VOID\" rules=\"NONE\" cellspacing=\"0\">\n<colgroup>\n<col width=\"140\" \/>\n<col width=\"86\" \/><\/colgroup>\n<tbody>\n<tr>\n<td align=\"LEFT\" width=\"140\" height=\"17\">\n<h3><strong>Vuxna<\/strong><\/h3>\n<\/td>\n<td align=\"LEFT\" width=\"86\"><\/td>\n<\/tr>\n<tr>\n<td align=\"LEFT\" height=\"17\"><\/td>\n<td style=\"text-align: right;\" align=\"LEFT\">\n<h4>Po\u00e4ng<\/h4>\n<\/td>\n<\/tr>\n<tr>\n<td align=\"LEFT\" height=\"17\">Linda Martinsson<\/td>\n<td align=\"RIGHT\">712<\/td>\n<\/tr>\n<tr>\n<td align=\"LEFT\" height=\"17\">G\u00f6sta Malmer<\/td>\n<td align=\"RIGHT\">433<\/td>\n<\/tr>\n<tr>\n<td align=\"LEFT\" height=\"17\">Gun Rosendahl<\/td>\n<td align=\"RIGHT\">425<\/td>\n<\/tr>\n<tr>\n<td align=\"LEFT\" height=\"17\">Lena Koll\u00e9n<\/td>\n<td align=\"RIGHT\">424<\/td>\n<\/tr>\n<tr>\n<td align=\"LEFT\" height=\"17\">Anders Jonsson<\/td>\n<td align=\"RIGHT\">237<\/td>\n<\/tr>\n<tr>\n<td align=\"LEFT\" height=\"17\">Ing-Marie Johansson<\/td>\n<td align=\"RIGHT\">210<\/td>\n<\/tr>\n<tr>\n<td align=\"LEFT\" height=\"17\">Staffan Broberg<\/td>\n<td align=\"RIGHT\">174<\/td>\n<\/tr>\n<tr>\n<td align=\"LEFT\" height=\"17\">Anja Johansson<\/td>\n<td align=\"RIGHT\">169<\/td>\n<\/tr>\n<tr>\n<td align=\"LEFT\" height=\"17\">Karin Elfman<\/td>\n<td align=\"RIGHT\">102<\/td>\n<\/tr>\n<tr>\n<td align=\"LEFT\" height=\"17\">Margareta Petersson<\/td>\n<td align=\"RIGHT\">64<\/td>\n<\/tr>\n<tr>\n<td align=\"LEFT\" height=\"17\">Birgitta Broberg<\/td>\n<td align=\"RIGHT\">42<\/td>\n<\/tr>\n<tr>\n<td align=\"LEFT\" height=\"17\">Marie Hallberg<\/td>\n<td align=\"RIGHT\">32<\/td>\n<\/tr>\n<tr>\n<td align=\"LEFT\" height=\"17\">Annika Berglund<\/td>\n<td align=\"RIGHT\">1<\/td>\n<\/tr>\n<tr>\n<td align=\"LEFT\" height=\"17\">Bengt Alkdal<\/td>\n<td align=\"RIGHT\">1<\/td>\n<\/tr>\n<tr>\n<td align=\"LEFT\" height=\"17\"><\/td>\n<td align=\"LEFT\"><\/td>\n<\/tr>\n<tr>\n<td align=\"LEFT\" height=\"17\">\n<h3><strong>Ungdom<\/strong><\/h3>\n<\/td>\n<td align=\"LEFT\"><\/td>\n<\/tr>\n<tr>\n<td align=\"LEFT\" height=\"17\"><\/td>\n<td style=\"text-align: right;\" align=\"LEFT\">\n<h4>Po\u00e4ng<\/h4>\n<\/td>\n<\/tr>\n<tr>\n<td align=\"LEFT\" height=\"17\">Hannes Rosendahl<\/td>\n<td align=\"RIGHT\">633<\/td>\n<\/tr>\n<tr>\n<td align=\"LEFT\" height=\"17\">Lycka Drakengren<\/td>\n<td align=\"RIGHT\">181<\/td>\n<\/tr>\n<tr>\n<td align=\"LEFT\" height=\"17\">Maria Bengtsson<\/td>\n<td align=\"RIGHT\">170<\/td>\n<\/tr>\n<tr>\n<td align=\"LEFT\" height=\"17\">Arvid Ekberg<\/td>\n<td align=\"RIGHT\">159<\/td>\n<\/tr>\n<tr>\n<td align=\"LEFT\" height=\"17\">Juni Drakengren<\/td>\n<td align=\"RIGHT\">118<\/td>\n<\/tr>\n<tr>\n<td align=\"LEFT\" height=\"17\">Matilda Karlberg<\/td>\n<td align=\"RIGHT\">58<\/td>\n<\/tr>\n<tr>\n<td align=\"LEFT\" height=\"17\">Molly Sun\u00e9r<\/td>\n<td align=\"RIGHT\">46<\/td>\n<\/tr>\n<\/tbody>\n<\/table>\n","protected":false},"excerpt":{"rendered":"<p>Vuxna Po\u00e4ng Linda Martinsson 712 G\u00f6sta Malmer 433 Gun Rosendahl 425 Lena Koll\u00e9n 424 Anders Jonsson 237 Ing-Marie Johansson 210 Staffan Broberg 174 Anja Johansson 169 Karin Elfman 102 Margareta [&hellip;]<\/p>\n","protected":false},"author":4,"featured_media":0,"parent":2744,"menu_order":0,"comment_status":"closed","ping_status":"closed","template":"","meta":{"footnotes":""},"class_list":["post-5192","page","type-page","status-publish","hentry"],"_links":{"self":[{"href":"https:\/\/www.ifmarinvast.se\/orientering\/wp-json\/wp\/v2\/pages\/5192","targetHints":{"allow":["GET"]}}],"collection":[{"href":"https:\/\/www.ifmarinvast.se\/orientering\/wp-json\/wp\/v2\/pages"}],"about":[{"href":"https:\/\/www.ifmarinvast.se\/orientering\/wp-json\/wp\/v2\/types\/page"}],"author":[{"embeddable":true,"href":"https:\/\/www.ifmarinvast.se\/orientering\/wp-json\/wp\/v2\/users\/4"}],"replies":[{"embeddable":true,"href":"https:\/\/www.ifmarinvast.se\/orientering\/wp-json\/wp\/v2\/comments?post=5192"}],"version-history":[{"count":4,"href":"https:\/\/www.ifmarinvast.se\/orientering\/wp-json\/wp\/v2\/pages\/5192\/revisions"}],"predecessor-version":[{"id":5202,"href":"https:\/\/www.ifmarinvast.se\/orientering\/wp-json\/wp\/v2\/pages\/5192\/revisions\/5202"}],"up":[{"embeddable":true,"href":"https:\/\/www.ifmarinvast.se\/orientering\/wp-json\/wp\/v2\/pages\/2744"}],"wp:attachment":[{"href":"https:\/\/www.ifmarinvast.se\/orientering\/wp-json\/wp\/v2\/media?parent=5192"}],"curies":[{"name":"wp","href":"https:\/\/api.w.org\/{rel}","templated":true}]}}