{"id":4845,"date":"2018-04-04T09:35:49","date_gmt":"2018-04-04T07:35:49","guid":{"rendered":"http:\/\/www.ifmarinvast.se\/orientering\/?page_id=4845"},"modified":"2018-04-04T09:40:23","modified_gmt":"2018-04-04T07:40:23","slug":"grundkurs-ungdom-2018-2","status":"publish","type":"page","link":"https:\/\/www.ifmarinvast.se\/orientering\/grundkurs-ungdom-2018-2\/","title":{"rendered":"Grundkurs ungdom 2018"},"content":{"rendered":"<style type=\"text\/css\">\n\t<!--\n\t\t@page { margin: 2cm }\n\t\tP { margin-bottom: 0.21cm }\n\t-->\n\t<\/style>\n<p><span style=\"font-family: Arial Rounded MT Bold,sans-serif;\"><span style=\"color: #000000;\"><span style=\"font-size: x-large;\"><b>V\u00e5ren 2018<\/b><\/span><\/span><\/span><\/p>\n<p><span style=\"font-family: Arial Rounded MT Bold,sans-serif;\"><span style=\"color: #ba3443;\"><span style=\"font-size: xx-large;\"><b>Orientering till v\u00e5ren<\/b><\/span><\/span><\/span><\/p>\n<p><span style=\"font-family: Times New Roman,serif;\"><span style=\"color: #000000;\"><span style=\"font-size: x-large;\">Grundkurs i orientering med karta och kompass. M\u00e5nga praktiska \u00f6vningar utomhus. Vi testar olika orienteringsmoment. D\u00e4refter deltar vi i ett antal ungdomst\u00e4vlingar som g\u00e5r i huvudsak p\u00e5 l\u00f6rdag i G\u00f6teborgs omgivningar f\u00f6r att prova p\u00e5 andra kartor och annan terr\u00e4ng.\u00a0 <\/span><\/span><\/span><\/p>\n<p>&nbsp;<\/p>\n<p><span style=\"font-family: Times New Roman,serif;\"><span style=\"color: #000000;\"><span style=\"font-size: x-large;\">Kl\u00e4der f\u00f6r utomhusbruk och joggingskor eller liknande skall alla ha p\u00e5 sig.<\/span><\/span><\/span><\/p>\n<p><span style=\"font-family: Times New Roman,serif;\"><span style=\"font-size: x-large;\"><strong><span style=\"color: #000000;\">Ledare: <\/span><\/strong><\/span><span style=\"color: #000000;\"><span style=\"font-size: x-large;\">IF Marin V\u00e4st,<\/span><\/span><\/span><\/p>\n<p><span style=\"font-family: Times New Roman,serif;\"><span style=\"font-size: x-large;\"><strong><span style=\"color: #000000;\">Dag: <\/span><\/strong><\/span><span style=\"color: #000000;\"><span style=\"font-size: x-large;\">Tisdag kl. 18\u201319 och l\u00f6rdag kl. 10\u201311.30 OBS! tv\u00e5 g\u00e5nger i veckan. Start 10 april\u00a0 (huvudsak l\u00f6rdagar under maj) \u00c5lder<\/span><\/span><span style=\"color: #000000;\"><span style=\"font-size: x-large;\">: 9\u201313 \u00e5r<\/span><\/span><\/span><\/p>\n<p><span style=\"font-family: Times New Roman,serif;\"><span style=\"color: #000000;\"><span style=\"font-size: x-large;\"><strong>Plats:<\/strong> <\/span><\/span><span style=\"color: #000000;\"><span style=\"font-size: x-large;\">Ta buss 91 och 92 till P\u00e5velunds centrum. H\u00e5llplats P\u00e5velunds centrum, d\u00e4refter cirka 10 minuters g\u00e5ngv\u00e4g. Samling vid P\u00e5velunds motionscentrum, Redegatan 18. Aktiviteterna \u00e4r alltid utomhus.<\/span><\/span><\/span><\/p>\n<p><span style=\"font-family: Times New Roman,serif;\"><span style=\"font-size: x-large;\"><strong><span style=\"color: #000000;\">Info: <\/span><\/strong><\/span><span style=\"color: #000000;\"><span style=\"font-size: x-large;\">0706-75 98 88 Karin Elfman.<\/span><\/span><\/span><\/p>\n<p><span style=\"font-family: Times New Roman,serif;\"><span style=\"color: #000000;\"><span style=\"font-size: x-large;\"><strong>Anm\u00e4lan till:<\/strong> orientering@ifmarinvast.se <\/span><\/span><\/span><\/p>\n<p><a href=\"https:\/\/www.ifmarinvast.se\/orientering\/wp-content\/uploads\/2018\/04\/Grundkurs-ungdom-2018.pdf\">Grundkurs ungdom 2018<\/a><\/p>\n","protected":false},"excerpt":{"rendered":"<p>V\u00e5ren 2018 Orientering till v\u00e5ren Grundkurs i orientering med karta och kompass. M\u00e5nga praktiska \u00f6vningar utomhus. Vi testar olika orienteringsmoment. D\u00e4refter deltar vi i ett antal ungdomst\u00e4vlingar som g\u00e5r i [&hellip;]<\/p>\n","protected":false},"author":4,"featured_media":0,"parent":0,"menu_order":0,"comment_status":"closed","ping_status":"closed","template":"","meta":{"footnotes":""},"class_list":["post-4845","page","type-page","status-publish","hentry"],"_links":{"self":[{"href":"https:\/\/www.ifmarinvast.se\/orientering\/wp-json\/wp\/v2\/pages\/4845","targetHints":{"allow":["GET"]}}],"collection":[{"href":"https:\/\/www.ifmarinvast.se\/orientering\/wp-json\/wp\/v2\/pages"}],"about":[{"href":"https:\/\/www.ifmarinvast.se\/orientering\/wp-json\/wp\/v2\/types\/page"}],"author":[{"embeddable":true,"href":"https:\/\/www.ifmarinvast.se\/orientering\/wp-json\/wp\/v2\/users\/4"}],"replies":[{"embeddable":true,"href":"https:\/\/www.ifmarinvast.se\/orientering\/wp-json\/wp\/v2\/comments?post=4845"}],"version-history":[{"count":3,"href":"https:\/\/www.ifmarinvast.se\/orientering\/wp-json\/wp\/v2\/pages\/4845\/revisions"}],"predecessor-version":[{"id":4850,"href":"https:\/\/www.ifmarinvast.se\/orientering\/wp-json\/wp\/v2\/pages\/4845\/revisions\/4850"}],"wp:attachment":[{"href":"https:\/\/www.ifmarinvast.se\/orientering\/wp-json\/wp\/v2\/media?parent=4845"}],"curies":[{"name":"wp","href":"https:\/\/api.w.org\/{rel}","templated":true}]}}