{"id":3795,"date":"2016-04-03T22:53:52","date_gmt":"2016-04-03T20:53:52","guid":{"rendered":"http:\/\/www.ifmarinvast.se\/orientering\/?page_id=3795"},"modified":"2016-04-20T08:29:40","modified_gmt":"2016-04-20T06:29:40","slug":"nyborjarkurs-orientering-barn-ungdomar-9-13-ar-i-vastra-goteborg","status":"publish","type":"page","link":"https:\/\/www.ifmarinvast.se\/orientering\/nyborjarkurs-orientering-barn-ungdomar-9-13-ar-i-vastra-goteborg\/","title":{"rendered":"Nyb\u00f6rjarkurs i orientering, 9-13 \u00e5r"},"content":{"rendered":"<p>I v\u00e5r har vi en nyb\u00f6rjarkurs i orientering f\u00f6r barn och ungdomar fr\u00e5n 9 \u00e5r och upp\u00e5t. Kursen b\u00f6rjar med en tr\u00e4ningshelg (l\u00f6r\u00a030 april\u00a0&#8211; s\u00f6n 1 maj) d\u00e5 vi l\u00e4r oss kartan, kompassen, att passa kartan och att springa en bana.<\/p>\n<p>Efter tr\u00e4ningshelgen finns det 4 prova-p\u00e5-t\u00e4vlingar p\u00e5 olika platser i G\u00f6teborg, tv\u00e5 p\u00e5 tisdagskv\u00e4llar och tv\u00e5 p\u00e5 l\u00f6rdagsf\u00f6rmiddagar, och\u00a0ett antal tr\u00e4ningstillf\u00e4llen att \u00f6va upp kunskaperna p\u00e5.<\/p>\n<p>I kursavgiften ing\u00e5r \u00e4ven medlemskap i IF Marin V\u00e4st f\u00f6r hela 2016\u00a0med m\u00f6jlighet att vara med p\u00e5 alla klubbens\u00a0tr\u00e4ningar och\u00a0t\u00e4vlingar under resten av \u00e5ret.<\/p>\n<h3><b>Plats<\/b><\/h3>\n<p>P\u00e5velund, samling i Redegatans f\u00f6rskola, Redegatan 15, V\u00e4stra Fr\u00f6lunda.<\/p>\n<h3><b>Kursdatum<\/b><\/h3>\n<ul>\n<li>l\u00f6r 30 april, 10:00 &#8211; 15:00<\/li>\n<li>s\u00f6n 1 maj, 10:00 &#8211; 15:00<\/li>\n<\/ul>\n<h3><b>Prova-p\u00e5-t\u00e4vlingar<\/b><\/h3>\n<ul>\n<li><a href=\"http:\/\/eventor.orientering.se\/Events\/Show\/12443?\" target=\"_blank\">Tisdag\u00a0kv\u00e4ll 24 maj<\/a><\/li>\n<li><a href=\"http:\/\/eventor.orientering.se\/Events\/Show\/12444?\" target=\"_blank\">Tisdag kv\u00e4ll 31 maj<\/a><\/li>\n<li><a href=\"http:\/\/eventor.orientering.se\/Events\/Show\/12445?\" target=\"_blank\">L\u00f6rdag fm 4 juni<\/a><\/li>\n<li><a href=\"http:\/\/eventor.orientering.se\/Events\/Show\/12446?\" target=\"_blank\">L\u00f6rdag fm 11 juni<\/a><\/li>\n<\/ul>\n<h3><b>Pris<\/b><\/h3>\n<p>500 kr\/person (200 kr f\u00f6r medlemmar som redan betalt tr\u00e4ningsavgift). I priset ing\u00e5r lunch l\u00f6rdag och s\u00f6ndag samt kursmaterial och l\u00e5n av utrustning. I priset ing\u00e5r \u00e4ven medlemskap i IF Marin V\u00e4st under 2016 och d\u00e4rmed tillg\u00e5ng till alla v\u00e5ra tr\u00e4ningar och t\u00e4vlingar \u00e5ret ut.<\/p>\n<h3><b>Deltagare<\/b><\/h3>\n<p>Ungdomar fr\u00e5n 9 \u00e5r och upp\u00e5t. Deltagarantal 4 &#8211; 12 personer.<\/p>\n<h3>Kursledare<\/h3>\n<p>Linda Martinsson och Klas Petersson<\/p>\n<h3><b>Anm\u00e4lan<\/b><\/h3>\n<p>Anm\u00e4l dig genom att s\u00e4tta in kursavgiften p\u00e5 PlusGiro 52 27 35-0 och skicka namn, adress och<br \/>\npersonnummer till\u00a0<a href=\"mailto:orientering@ifmarinvast.se\">orientering@ifmarinvast.se<\/a>\u00a0senast den 24 april.<\/p>\n","protected":false},"excerpt":{"rendered":"<p>I v\u00e5r har vi en nyb\u00f6rjarkurs i orientering f\u00f6r barn och ungdomar fr\u00e5n 9 \u00e5r och upp\u00e5t. Kursen b\u00f6rjar med en tr\u00e4ningshelg (l\u00f6r\u00a030 april\u00a0&#8211; s\u00f6n 1 maj) d\u00e5 vi l\u00e4r [&hellip;]<\/p>\n","protected":false},"author":1,"featured_media":0,"parent":0,"menu_order":0,"comment_status":"closed","ping_status":"closed","template":"","meta":{"footnotes":""},"class_list":["post-3795","page","type-page","status-publish","hentry"],"_links":{"self":[{"href":"https:\/\/www.ifmarinvast.se\/orientering\/wp-json\/wp\/v2\/pages\/3795","targetHints":{"allow":["GET"]}}],"collection":[{"href":"https:\/\/www.ifmarinvast.se\/orientering\/wp-json\/wp\/v2\/pages"}],"about":[{"href":"https:\/\/www.ifmarinvast.se\/orientering\/wp-json\/wp\/v2\/types\/page"}],"author":[{"embeddable":true,"href":"https:\/\/www.ifmarinvast.se\/orientering\/wp-json\/wp\/v2\/users\/1"}],"replies":[{"embeddable":true,"href":"https:\/\/www.ifmarinvast.se\/orientering\/wp-json\/wp\/v2\/comments?post=3795"}],"version-history":[{"count":3,"href":"https:\/\/www.ifmarinvast.se\/orientering\/wp-json\/wp\/v2\/pages\/3795\/revisions"}],"predecessor-version":[{"id":3824,"href":"https:\/\/www.ifmarinvast.se\/orientering\/wp-json\/wp\/v2\/pages\/3795\/revisions\/3824"}],"wp:attachment":[{"href":"https:\/\/www.ifmarinvast.se\/orientering\/wp-json\/wp\/v2\/media?parent=3795"}],"curies":[{"name":"wp","href":"https:\/\/api.w.org\/{rel}","templated":true}]}}