{"id":3506,"date":"2015-12-06T16:54:47","date_gmt":"2015-12-06T15:54:47","guid":{"rendered":"http:\/\/www.ifmarinvast.se\/orientering\/?page_id=3506"},"modified":"2016-10-18T21:44:22","modified_gmt":"2016-10-18T19:44:22","slug":"langsiktig-planering","status":"publish","type":"page","link":"https:\/\/www.ifmarinvast.se\/orientering\/foreningen\/langsiktig-planering\/","title":{"rendered":"L\u00e5ngsiktig planering"},"content":{"rendered":"<p>P\u00e5 denna sida listar vi vilka \u00e5taganden f\u00f6reningen har p\u00e5 l\u00e4ngre sikt. Se \u00e4ven\u00a0<a href=\"http:\/\/www.svenskorientering.se\/Distrikt\/goteborgsorienteringsforbund\/Ungdom\/Arrangera\/arrangorsschema\/\">GOF UKs arrang\u00f6rsschema<\/a>.<\/p>\n<h2>2016<\/h2>\n<ul>\n<li><strong>Natt-DM<\/strong><\/li>\n<li>Valberedning GOF (Karin Elfman)<\/li>\n<\/ul>\n<h2>2017<\/h2>\n<ul>\n<li>Valberedning GOF<\/li>\n<li><strong>V\u00e5rserien<\/strong> med GSK<\/li>\n<li>Ev uppdrag i <strong>10-mila<\/strong> 29-30 maj (GOF Arrangemang)<\/li>\n<\/ul>\n<h2>2018<\/h2>\n<ul>\n<li><strong>N\u00e4rnattcup<\/strong><\/li>\n<li>Ledamot till Ungdomskommitt\u00e9n i GOF<\/li>\n<\/ul>\n<h2>2019<\/h2>\n<ul>\n<li><strong>Natt-DM<\/strong> med GSK<\/li>\n<li>Ledamot till Ungdomskommitt\u00e9n i GOF<\/li>\n<\/ul>\n<h2>2020<\/h2>\n<ul>\n<li><strong>V\u00e5rserien med GSK<\/strong> <em>(prelimin\u00e4rt)<\/em><\/li>\n<\/ul>\n<h2>2021<\/h2>\n<ul>\n<li><strong>Natt-DM<\/strong> med GSK <em>(inte l\u00e4ngre med i GOFs arrang\u00f6rsschema)<\/em><\/li>\n<li><strong>GOFs sommarl\u00e4ger<\/strong> tillsammans med MOIF <em>(prelimin\u00e4rt)<\/em><\/li>\n<\/ul>\n","protected":false},"excerpt":{"rendered":"<p>P\u00e5 denna sida listar vi vilka \u00e5taganden f\u00f6reningen har p\u00e5 l\u00e4ngre sikt. Se \u00e4ven\u00a0GOF UKs arrang\u00f6rsschema. 2016 Natt-DM Valberedning GOF (Karin Elfman) 2017 Valberedning GOF V\u00e5rserien med GSK Ev uppdrag [&hellip;]<\/p>\n","protected":false},"author":1,"featured_media":0,"parent":22,"menu_order":0,"comment_status":"closed","ping_status":"closed","template":"","meta":{"footnotes":""},"class_list":["post-3506","page","type-page","status-publish","hentry"],"_links":{"self":[{"href":"https:\/\/www.ifmarinvast.se\/orientering\/wp-json\/wp\/v2\/pages\/3506","targetHints":{"allow":["GET"]}}],"collection":[{"href":"https:\/\/www.ifmarinvast.se\/orientering\/wp-json\/wp\/v2\/pages"}],"about":[{"href":"https:\/\/www.ifmarinvast.se\/orientering\/wp-json\/wp\/v2\/types\/page"}],"author":[{"embeddable":true,"href":"https:\/\/www.ifmarinvast.se\/orientering\/wp-json\/wp\/v2\/users\/1"}],"replies":[{"embeddable":true,"href":"https:\/\/www.ifmarinvast.se\/orientering\/wp-json\/wp\/v2\/comments?post=3506"}],"version-history":[{"count":7,"href":"https:\/\/www.ifmarinvast.se\/orientering\/wp-json\/wp\/v2\/pages\/3506\/revisions"}],"predecessor-version":[{"id":4182,"href":"https:\/\/www.ifmarinvast.se\/orientering\/wp-json\/wp\/v2\/pages\/3506\/revisions\/4182"}],"up":[{"embeddable":true,"href":"https:\/\/www.ifmarinvast.se\/orientering\/wp-json\/wp\/v2\/pages\/22"}],"wp:attachment":[{"href":"https:\/\/www.ifmarinvast.se\/orientering\/wp-json\/wp\/v2\/media?parent=3506"}],"curies":[{"name":"wp","href":"https:\/\/api.w.org\/{rel}","templated":true}]}}