{"id":2744,"date":"2015-09-13T09:57:47","date_gmt":"2015-09-13T07:57:47","guid":{"rendered":"http:\/\/www.ifmarinvast.se\/orientering\/?page_id=2744"},"modified":"2025-12-14T14:54:59","modified_gmt":"2025-12-14T13:54:59","slug":"vandringspriset","status":"publish","type":"page","link":"https:\/\/www.ifmarinvast.se\/orientering\/foreningen\/vandringspriset\/","title":{"rendered":"Vandringspriset"},"content":{"rendered":"<p>Klubben har tv\u00e5 vandringspriser, ett f\u00f6r ungdomar och ett f\u00f6r vuxna, som varje \u00e5r delas ut till de l\u00f6pare som f\u00e5tt flest t\u00e4vlingspo\u00e4ng (se utr\u00e4kning nedan).<\/p>\n<p>Du f\u00e5r po\u00e4ng vid deltagande i nationella t\u00e4vlingar och distriktsm\u00e4sterskap. \u00c4ven flerdagarst\u00e4vlingar medr\u00e4knas. Varje delt\u00e4vling r\u00e4knas d\u00e5 som en sj\u00e4lvst\u00e4ndig t\u00e4vling, \u00e4ven jaktstarter. Resultat i direktklasser och \u00f6ppna klasser medr\u00e4knas. Budkavlar och lokala t\u00e4vlingar ing\u00e5r inte.<\/p>\n<p>F\u00f6r ungdomar ing\u00e5r \u00e4ven V\u00e5rserien, N\u00e4rnatt Cup och G\u00f6teborgs ungdomsserie. F\u00f6r varje t\u00e4vling sektionens orienterare deltar i ber\u00e4knas en po\u00e4ngsumma beroende p\u00e5 hur l\u00e5ng tid man har i f\u00f6rh\u00e5llande till segraren. De \u00e5tta b\u00e4sta po\u00e4ngen summeras n\u00e4r \u00e5ret \u00e4r slut och den som f\u00e5r h\u00f6gst po\u00e4ng vinner vandringspriset. F\u00f6rsta g\u00e5ngen priset delades ut var 2005. Priset \u00e4r tennpokaler.<\/p>\n<p><strong>Regler f\u00f6r klubbens vandringspriser<\/strong><\/p>\n<ul>\n<li>\u00c5rligen t\u00e4vlas det om ett pris f\u00f6r ungdomar till och med H\/D16 och ett f\u00f6r vuxna fr\u00e5n och med H\/D18.<\/li>\n<li>Priset t\u00e4vlas varje kalender\u00e5r. De som f\u00e5r delta \u00e4r betalande medlemmar inom IF Marin V\u00e4st.<\/li>\n<li>Priserna delas ut i samband med \u00e5rsm\u00f6tet.<\/li>\n<li>Nationella t\u00e4vlingar och DM r\u00e4knas (ej stafetter och lokala t\u00e4vlingar)<\/li>\n<li>F\u00f6r ungdomar r\u00e4knas \u00e4ven V\u00e5rserien, N\u00e4rnatt Cup och Ungdomsserien<\/li>\n<li>Huvudklasser (100 p), motionsklasser (80\u00a0p) och \u00f6ppna klasser (80\u00a0p) r\u00e4knas<\/li>\n<li>L\u00f6parens 8 b\u00e4sta t\u00e4vlingarna under \u00e5ret summeras<\/li>\n<li>Den som vinner vandringspriset 3 g\u00e5nger (ungdom) eller 5 g\u00e5nger (vuxen) tar hem pokalen<\/li>\n<li>Po\u00e4ngen ber\u00e4knas enligt f\u00f6ljande formel<br \/>\n<em>P = K &#8211; 60 x (T &#8211; S)\/S<\/em><br \/>\n<small>K = klasspo\u00e4ng, T = t\u00e4vlandes tid i minuter, S = segrarens tid i minuter, P \u00e4r alltid minst 1 po\u00e4ng f\u00f6r godk\u00e4nd t\u00e4vling<\/small><\/li>\n<li>Godk\u00e4nda t\u00e4vlingar ger alltid minst 1 po\u00e4ng.<\/li>\n<\/ul>\n<h3><strong>2025<\/strong><\/h3>\n<p>\u00c5rets vinnare blev, i ungdomsklassen Vide L\u00f6vgren och, i vuxenklassen Gun Rosendahl Se <a href=\"https:\/\/eventor.orientering.se\/Standings\/View\/Series\/1534\">hela utr\u00e4kningen h\u00e4r<\/a>.<\/p>\n<h3><strong>2024<\/strong><\/h3>\n<p>\u00c5rets vinnare blev, i ungdomsklassen Vide L\u00f6vgren och, i vuxenklassen Gun Rosendahl. Se <a href=\"https:\/\/eventor.orientering.se\/Standings\/View\/Series\/1401\">hela utr\u00e4kningen h\u00e4r<\/a>.<\/p>\n<h3><strong>2023<\/strong><\/h3>\n<p>\u00c5rets vinnare blev, i ungdomsklassen Albert Norberg och, i vuxenklassen Gun Rosendahl. Se <a href=\"https:\/\/eventor.orientering.se\/Standings\/View\/Series\/1274\">hela utr\u00e4kningen h\u00e4r<\/a>.<\/p>\n<h3><strong>2022<\/strong><\/h3>\n<p>\u00c5rets vinnare blev, i ungdomsklassen Arild Norberg och, i vuxenklassen Gun Rosendahl. Se\u00a0<a href=\"https:\/\/eventor.orientering.se\/Standings\/View\/Series\/1144\">hela utr\u00e4kningen h\u00e4r<\/a>.<\/p>\n<h3><strong>2021<\/strong><\/h3>\n<p>\u00c5rets vinnare blev, i ungdomsklassen Arild Norberg och, i vuxenklassen Gun Rosendahl. Se\u00a0<a href=\"https:\/\/eventor.orientering.se\/Standings\/View\/Series\/1036\">hela utr\u00e4kningen h\u00e4r<\/a>.<\/p>\n<h3><strong>2020<\/strong><\/h3>\n<p>\u00c5rets vinnare blev, i ungdomsklassen Arild Norberg och, i vuxenklassen Gun Rosendahl. Se\u00a0<a href=\"https:\/\/www.ifmarinvast.se\/orientering\/vandringspriset-2020\/\">hela utr\u00e4kningen h\u00e4r<\/a>.<\/p>\n<h3><strong>2019<\/strong><\/h3>\n<p>\u00c5rets vinnare blev, i ungdomsklassen Arild Norberg och, i vuxenklassen Hannes Rosendahl. Se\u00a0<a href=\"https:\/\/www.ifmarinvast.se\/orientering\/vandringspriset-2019\/\">hela utr\u00e4kningen h\u00e4r<\/a>.<\/p>\n<h3><strong>2018<\/strong><\/h3>\n<p>\u00c5rets vinnare blev, i ungdomsklassen Hannes Rosendahl och, i vuxenklassen Linda Martinsson. Se\u00a0<a href=\"https:\/\/www.ifmarinvast.se\/orientering\/foreningen\/vandringspriset\/vandringspriset-2018\/\">hela utr\u00e4kningen h\u00e4r<\/a>.<\/p>\n<h3><strong>2017<\/strong><\/h3>\n<p>\u00c5rets vinnare blev, i ungdomsklassen Hannes Rosendahl och, i vuxenklassen Linda Martinsson. Se\u00a0<a href=\"https:\/\/www.ifmarinvast.se\/orientering\/foreningen\/vandringspriset\/vandringspriset-2017\/\">hela utr\u00e4kningen h\u00e4r<\/a>.<\/p>\n<h3><strong>2016<\/strong><\/h3>\n<p>\u00c5rets vinnare blev, i ungdomsklassen Hannes Rosendahl och, i vuxenklassen Linda Martinsson. Se\u00a0<a href=\"https:\/\/www.ifmarinvast.se\/orientering\/foreningen\/vandringspriset\/vandringspriset-2016\/\">hela utr\u00e4kningen h\u00e4r<\/a>.<\/p>\n<h3><strong>2015<\/strong><\/h3>\n<p>\u00c5rets vinnare blev, i ungdomsklassen Hannes Rosendahl och, i vuxenklassen Linda Martinsson. Se <a href=\"https:\/\/www.ifmarinvast.se\/orientering\/vandringspriset-2015\/\">hela utr\u00e4kningen h\u00e4r<\/a>.<\/p>\n<p>Hannes tog d\u00e4rmed hem vandringspriset f\u00f6r gott, grattis! Priserna delas ut p\u00e5 klubbens \u00e5rsm\u00f6te i b\u00f6rjan av 2016.<\/p>\n<h3><strong>2014<\/strong><\/h3>\n<p>\u00c5rets vinnare blev, i ungdomsklassen Hannes Rosendahl och, i vuxenklassen Linda Martinsson.<\/p>\n<p>Hannes har nu tv\u00e5 inteckningar och Johan Cahlin tv\u00e5 inteckningar p\u00e5 ungdomspokalen. N\u00e4sta \u00e5r finns allts\u00e5 chansen att ungdomspriset tas hem f\u00f6r gott av Hannes eller Johan, om inte n\u00e5gon annan vinner. Vuxenpokalen togs hem helt och h\u00e5llet av Linda Martinsson efter 5 segrar i rad! Priserna delades ut p\u00e5 klubbens \u00e5rsm\u00f6te den 9 mars 2015.<\/p>\n<h3>2013<\/h3>\n<p>\u00c5rets vinnare blev, i ungdomsklassen Johan Cahlin och, i vuxenklassen Linda Martinsson.<\/p>\n<h3>2012<\/h3>\n<p>\u00c5rets vinnare blev, i ungdomsklassen Hannes Rosendahl och, i vuxenklassen Linda Martinsson.<\/p>\n<h3>2011<\/h3>\n<p>\u00c5rets vinnare blev, i ungdomsklassen Edvin Alestig och, i vuxenklassen Linda Martinsson.<\/p>\n<h3>2010<\/h3>\n<p>\u00c5rets vinnare blev, i ungdomsklassen Johan Cahlin och, i vuxenklassen Linda Martinsson.<\/p>\n<h3>2009<\/h3>\n<p>\u00c5rets vinnare blev, i ungdomsklassen Vidar Eriksson och, i vuxenklassen Linda Martinsson.<\/p>\n<h3>2008<\/h3>\n<p>\u00c5rets vinnare blev, i ungdomsklassen __________ och, i vuxenklassen __________.<\/p>\n<h3>2007<\/h3>\n<p>\u00c5rets vinnare blev, i ungdomsklassen __________ och, i vuxenklassen __________.<\/p>\n<h3>2006<\/h3>\n<p>\u00c5rets vinnare blev, i ungdomsklassen __________ och, i vuxenklassen __________.<\/p>\n<h3>2005<\/h3>\n<p>\u00c5rets vinnare blev, i ungdomsklassen delad seger mellan Emma Garmer och Hanna Westerberg och, i vuxenklassen Linda Martinsson.<\/p>\n","protected":false},"excerpt":{"rendered":"<p>Klubben har tv\u00e5 vandringspriser, ett f\u00f6r ungdomar och ett f\u00f6r vuxna, som varje \u00e5r delas ut till de l\u00f6pare som f\u00e5tt flest t\u00e4vlingspo\u00e4ng (se utr\u00e4kning nedan). Du f\u00e5r po\u00e4ng vid [&hellip;]<\/p>\n","protected":false},"author":1,"featured_media":2758,"parent":22,"menu_order":0,"comment_status":"closed","ping_status":"closed","template":"","meta":{"footnotes":""},"class_list":["post-2744","page","type-page","status-publish","has-post-thumbnail","hentry"],"_links":{"self":[{"href":"https:\/\/www.ifmarinvast.se\/orientering\/wp-json\/wp\/v2\/pages\/2744","targetHints":{"allow":["GET"]}}],"collection":[{"href":"https:\/\/www.ifmarinvast.se\/orientering\/wp-json\/wp\/v2\/pages"}],"about":[{"href":"https:\/\/www.ifmarinvast.se\/orientering\/wp-json\/wp\/v2\/types\/page"}],"author":[{"embeddable":true,"href":"https:\/\/www.ifmarinvast.se\/orientering\/wp-json\/wp\/v2\/users\/1"}],"replies":[{"embeddable":true,"href":"https:\/\/www.ifmarinvast.se\/orientering\/wp-json\/wp\/v2\/comments?post=2744"}],"version-history":[{"count":19,"href":"https:\/\/www.ifmarinvast.se\/orientering\/wp-json\/wp\/v2\/pages\/2744\/revisions"}],"predecessor-version":[{"id":7668,"href":"https:\/\/www.ifmarinvast.se\/orientering\/wp-json\/wp\/v2\/pages\/2744\/revisions\/7668"}],"up":[{"embeddable":true,"href":"https:\/\/www.ifmarinvast.se\/orientering\/wp-json\/wp\/v2\/pages\/22"}],"wp:featuredmedia":[{"embeddable":true,"href":"https:\/\/www.ifmarinvast.se\/orientering\/wp-json\/wp\/v2\/media\/2758"}],"wp:attachment":[{"href":"https:\/\/www.ifmarinvast.se\/orientering\/wp-json\/wp\/v2\/media?parent=2744"}],"curies":[{"name":"wp","href":"https:\/\/api.w.org\/{rel}","templated":true}]}}