{"id":2681,"date":"2015-09-12T10:34:25","date_gmt":"2015-09-12T08:34:25","guid":{"rendered":"http:\/\/www.ifmarinvast.se\/orientering\/?page_id=2681"},"modified":"2016-11-10T20:57:33","modified_gmt":"2016-11-10T19:57:33","slug":"lankar","status":"publish","type":"page","link":"https:\/\/www.ifmarinvast.se\/orientering\/lankar\/","title":{"rendered":"L\u00e4nkar"},"content":{"rendered":"<ul>\n<li><a href=\"http:\/\/eventor.orientering.se\/\" target=\"_blank\">Eventor<\/a> &#8211; t\u00e4vlingskalender och anm\u00e4lan<\/li>\n<li><a href=\"http:\/\/eventor.orientering.se\/sverigelistan\/ol\" target=\"_blank\">Sverigelistan<\/a> &#8211; Rankar alla Sveriges orienterare<\/li>\n<li><a href=\"http:\/\/www.obasen.nu\/winsplits\/online\/sv\/default.asp\" target=\"_blank\">WinSplits<\/a>\u00a0&#8211; Str\u00e4cktider fr\u00e5n t\u00e4vlingar<\/li>\n<li><a href=\"http:\/\/www.mapandcoach.se\/\" target=\"_blank\">Map and Coach<\/a> &#8211; v\u00e4gvalsanalys<\/li>\n<li><a href=\"http:\/\/runoway.se\/index.php\" target=\"_blank\">RunOway<\/a>\u00a0&#8211; v\u00e4gvalsanalys<\/li>\n<li><a href=\"http:\/\/www.opath.se\/\" target=\"_blank\">OPath<\/a>\u00a0&#8211; v\u00e4gvalsanalys<\/li>\n<li><a href=\"https:\/\/www.livelox.com\/\" target=\"_blank\">Livelox<\/a> &#8211; v\u00e4gvalsanalys<\/li>\n<li><a href=\"http:\/\/www.sportident.se\/\" target=\"_blank\">SportIdent<\/a> &#8211; Tidtagningssystemet<\/li>\n<li><a href=\"http:\/\/www.orienterare.nu\/\" target=\"_blank\">Orienterare.nu<\/a> &#8211; bevakar och p\u00e5verkar svensk orientering<\/li>\n<li><a href=\"http:\/\/www.oringen.se\/\" target=\"_blank\">O-Ringen<\/a> &#8211; V\u00e4rldens st\u00f6rsta orienteringst\u00e4vling<\/li>\n<li><a href=\"http:\/\/cal.worldofo.com\/\">WorldOfO<\/a> &#8211; Orienteringst\u00e4vlingar fr\u00e5n hela v\u00e4rlden<\/li>\n<\/ul>\n<p><strong>Orienteringsf\u00f6rbund<\/strong><\/p>\n<ul>\n<li><a href=\"http:\/\/www.orientering.se\/\" target=\"_blank\">Svenska orienteringsf\u00f6rbundet<\/a><\/li>\n<li><a href=\"http:\/\/iof2.idrottonline.se\/SvenskaOrienteringsforbundet\/Distrikt\/GoteborgsOrienteringsforbund\/\" target=\"_blank\">G\u00f6teborgs Orienteringsf\u00f6rbund<\/a><\/li>\n<li><a href=\"http:\/\/www.orientering.se\/Distrikt\/Bohuslan-DalsOrienteringsforbund\/\" target=\"_blank\">Bohusl\u00e4n-Dals OF<\/a><\/li>\n<li><a href=\"http:\/\/www.orientering.se\/Distriktssidor\/VastergotlandsOrienteringsforbund\/\" target=\"_blank\">V\u00e4sterg\u00f6tlands OF<\/a><\/li>\n<li><a href=\"http:\/\/www.orientering.se\/Distrikt\/HallandsOrienteringsforbund\/\" target=\"_blank\">Hallands OF<\/a><\/li>\n<\/ul>\n<p><strong>Orienteringsklubbar i v\u00e5r n\u00e4rhet<\/strong><\/p>\n<ul>\n<li><a href=\"http:\/\/www.borasgif.nu\/\" target=\"_blank\">Bor\u00e5s GIF (Bor\u00e5s, V\u00e4sterg\u00f6tland)<\/a><\/li>\n<li><a href=\"http:\/\/chalmersol.se\/\" target=\"_blank\">Chalmers Orienteringsl\u00f6pare<\/a><\/li>\n<li><a href=\"http:\/\/www3.idrottonline.se\/default.aspx?id=57011\" target=\"_blank\">Fj\u00e4r\u00e5s AIK (Fj\u00e4r\u00e5s, N Halland)<\/a><\/li>\n<li><a href=\"http:\/\/www6.idrottonline.se\/FKHerkules\/\" target=\"_blank\">FK Herkules<\/a><\/li>\n<li><a href=\"http:\/\/www.fkfriskus.se\/\" target=\"_blank\">FK Friskus-Varberg (Varberg, Halland)<\/a><\/li>\n<li><a href=\"http:\/\/frolundaol.se\/\" target=\"_blank\">Fr\u00f6lunda OL<\/a><\/li>\n<li><a href=\"http:\/\/www.gmok.se\" target=\"_blank\">G\u00f6teborg-Majorna OK<\/a><\/li>\n<li><a href=\"http:\/\/www5.idrottonline.se\/GoteborgsSkidklubb-Orientering\/\" target=\"_blank\">G\u00f6teborgs Skidklubb<\/a><\/li>\n<li><a href=\"http:\/\/www.ifhagen.com\/orientering.asp\">IF Hagen (Sk\u00f6vde, V\u00e4sterg\u00f6tland)<\/a><\/li>\n<li><a href=\"http:\/\/www3.idrottonline.se\/IFRigor-Orientering\/\" target=\"_blank\">IF Rigor (Kungsbacka, Halland)<\/a><\/li>\n<li><a href=\"http:\/\/www.ifkgbgol.nu\" target=\"_blank\">IFK G\u00f6teborg<\/a><\/li>\n<li><a href=\"http:\/\/www2.idrottonline.se\/default.aspx?id=114880\">IK Dran (Veddige, Halland)<\/a><\/li>\n<li><a href=\"http:\/\/www.ikstern.se\/orientering\/\" target=\"_blank\">IK Stern<\/a><\/li>\n<li><a href=\"http:\/\/www6.idrottonline.se\/default.aspx?id=64554\" target=\"_blank\">IK Uven<\/a><\/li>\n<li><a href=\"http:\/\/www.ikymer.se\/ol\" target=\"_blank\">IK Ymer\u00a0<\/a> (Bor\u00e5s, V\u00e4sterg\u00f6tland)<\/li>\n<li><a href=\"http:\/\/www3.idrottonline.se\/KungalvsOK-Orientering\/\" target=\"_blank\">Kung\u00e4lvs Orienteringsklubb<\/a><\/li>\n<li><a href=\"http:\/\/www.lsok.nu\/\" target=\"_blank\">Lerums SOK<\/a><\/li>\n<li><a href=\"http:\/\/www.ljungskilefriluftsklubb.se\/\" target=\"_blank\">Ljungskile FK (Ljungskile, Bohusl\u00e4n)<\/a><\/li>\n<li><a href=\"http:\/\/alehof.se\/\" target=\"_blank\">OK Alehof<\/a><\/li>\n<li><a href=\"http:\/\/www6.idrottonline.se\/OKGipen-Orientering\/\" target=\"_blank\">OK Gipen (Lilla Edet, Bohusl\u00e4n)<\/a><\/li>\n<li><a href=\"http:\/\/www5.idrottonline.se\/OKKlyftamo-Orientering\/\" target=\"_blank\">OK Klyftamo (G\u00f6tene, N Bohusl\u00e4n)<\/a><\/li>\n<li><a href=\"http:\/\/www3.idrottonline.se\/OKLandehof\/\" target=\"_blank\">OK Landehof<\/a><\/li>\n<li><a href=\"http:\/\/www1.idrottonline.se\/OKOrinto-Orientering\/\" target=\"_blank\">OK Orinto<\/a> (R\u00e4vlanda, V\u00e4sterg\u00f6tland)<\/li>\n<li><a href=\"http:\/\/www.skogshjortarna.com\/\" target=\"_blank\">OK Skogshjortarna (Alings\u00e5s, V\u00e4sterg\u00f6tland)<\/a><\/li>\n<li><a href=\"http:\/\/www.sjovalla.se\/\" target=\"_blank\">Sj\u00f6valla FK<\/a><\/li>\n<li><a href=\"http:\/\/www6.idrottonline.se\/default.aspx?id=420206\" target=\"_blank\">Skene SOIS (Skene, V\u00e4sterg\u00f6tland)<\/a><\/li>\n<li><a href=\"http:\/\/www.saik.o.se\/\" target=\"_blank\">S\u00e4vedalens AIK<\/a><\/li>\n<li><a href=\"http:\/\/www.toleredutby.se\/\" target=\"_blank\">Tolered Utby OL<\/a><\/li>\n<li><a href=\"http:\/\/www2.idrottonline.se\/default.aspx?id=89105\" target=\"_blank\">Uddevalla IS (Uddevalla, Bohusl\u00e4n)<\/a><\/li>\n<li><a href=\"http:\/\/www.uok.se\/\" target=\"_blank\">Uddevalla OK (Uddevalla, Bohusl\u00e4n)<\/a><\/li>\n<li><a href=\"http:\/\/vsk.gotanet.se\/\" target=\"_blank\">V\u00e4nersborgs SK (V\u00e4nersborg, N V\u00e4sterg\u00f6tland)<\/a><\/li>\n<\/ul>\n<p><strong>Kl\u00e4der och annan utrustning<\/strong><\/p>\n<ul>\n<li><a href=\"http:\/\/smsport.mamutweb.com\/\" target=\"_blank\">SM-Sport<\/a> &#8211; s\u00e4ljer OL-utrustning i G\u00f6teborg och p\u00e5 t\u00e4vlingar<\/li>\n<li>Kl\u00e4dleverant\u00f6ren <a href=\"http:\/\/www.nonamesport.com\/se\/\" target=\"_blank\">Noname<\/a><\/li>\n<li>Kl\u00e4dleverant\u00f6ren <a href=\"http:\/\/trimtex.se\/\" target=\"_blank\">Trimtex<\/a><\/li>\n<\/ul>\n<p><strong>\u00d6vrigt<\/strong><\/p>\n<ul>\n<li><a href=\"http:\/\/www.dinstartsida.se\/solen.asp\" target=\"_blank\">Solens upp- och nedg\u00e5ng<\/a><\/li>\n<li><a href=\"http:\/\/www.gkr.se\/\" target=\"_blank\">G\u00f6teborgskartor (GKR)<\/a><\/li>\n<\/ul>\n","protected":false},"excerpt":{"rendered":"<p>Eventor &#8211; t\u00e4vlingskalender och anm\u00e4lan Sverigelistan &#8211; Rankar alla Sveriges orienterare WinSplits\u00a0&#8211; Str\u00e4cktider fr\u00e5n t\u00e4vlingar Map and Coach &#8211; v\u00e4gvalsanalys RunOway\u00a0&#8211; v\u00e4gvalsanalys OPath\u00a0&#8211; v\u00e4gvalsanalys Livelox &#8211; v\u00e4gvalsanalys SportIdent &#8211; Tidtagningssystemet [&hellip;]<\/p>\n","protected":false},"author":1,"featured_media":0,"parent":0,"menu_order":0,"comment_status":"closed","ping_status":"closed","template":"","meta":{"footnotes":""},"class_list":["post-2681","page","type-page","status-publish","hentry"],"_links":{"self":[{"href":"https:\/\/www.ifmarinvast.se\/orientering\/wp-json\/wp\/v2\/pages\/2681","targetHints":{"allow":["GET"]}}],"collection":[{"href":"https:\/\/www.ifmarinvast.se\/orientering\/wp-json\/wp\/v2\/pages"}],"about":[{"href":"https:\/\/www.ifmarinvast.se\/orientering\/wp-json\/wp\/v2\/types\/page"}],"author":[{"embeddable":true,"href":"https:\/\/www.ifmarinvast.se\/orientering\/wp-json\/wp\/v2\/users\/1"}],"replies":[{"embeddable":true,"href":"https:\/\/www.ifmarinvast.se\/orientering\/wp-json\/wp\/v2\/comments?post=2681"}],"version-history":[{"count":16,"href":"https:\/\/www.ifmarinvast.se\/orientering\/wp-json\/wp\/v2\/pages\/2681\/revisions"}],"predecessor-version":[{"id":4198,"href":"https:\/\/www.ifmarinvast.se\/orientering\/wp-json\/wp\/v2\/pages\/2681\/revisions\/4198"}],"wp:attachment":[{"href":"https:\/\/www.ifmarinvast.se\/orientering\/wp-json\/wp\/v2\/media?parent=2681"}],"curies":[{"name":"wp","href":"https:\/\/api.w.org\/{rel}","templated":true}]}}